{"id":17751,"date":"2026-02-21T11:30:08","date_gmt":"2026-02-21T11:30:08","guid":{"rendered":"https:\/\/mensosarl.com\/new\/?page_id=17751"},"modified":"2026-02-24T22:18:30","modified_gmt":"2026-02-24T22:18:30","slug":"la-bibliotheque-menso","status":"publish","type":"page","link":"https:\/\/mensosarl.com\/new\/la-bibliotheque-menso\/","title":{"rendered":"La Biblioth\u00e8que MENSO"},"content":{"rendered":"\t\t<div data-elementor-type=\"wp-page\" data-elementor-id=\"17751\" class=\"elementor elementor-17751\">\n\t\t\t\t<div class=\"elementor-element elementor-element-fa0c08f e-flex e-con-boxed e-con e-parent \" data-id=\"fa0c08f\" data-element_type=\"container\" data-e-type=\"container\">\t\t\t<div class=\"e-con-inner\">\r\n\t\t\t\t<div class=\"elementor-element elementor-element-42849ed elementor-widget elementor-widget-pxl_heading\" data-id=\"42849ed\" data-element_type=\"widget\" data-e-type=\"widget\" data-widget_type=\"pxl_heading.default\">\n\t\t\t\t<div class=\"elementor-widget-container\">\n\t\t\t\t\t\n<div id=\"pxl-pxl_heading-42849ed-3787\" class=\"pxl-heading px-sub-title-default-style \">\n\t<div class=\"pxl-heading--inner\">\n\t\t\t\t\t<div class=\"pxl-item--subtitle px-sub-title-default \" data-wow-delay=\"ms\">\n\t\t\t\t<span class=\"pxl-item--subtext\">\n\t\t\t\t\t\t\t\t\t\tLa Biblioth\u00e8que MENSO\t\t\t\t<\/span>\n\t\t\t<\/div>\n\t\t\n\t\t\t<h3 class=\"pxl-item--title style-default highlight-default \" data-wow-delay=\"ms\">\n\t\t\t\t\t\t\tPlus de 1000 ouvrages au service du savoir\t\n\t\t\t\t\n\t\t<\/h3>\n\t<\/div>\n<\/div> \t\t\t\t<\/div>\n\t\t\t\t<\/div>\n\t\t\t\t\t<\/div>\r\n\t\t\t\t<\/div>\r\n\t\t<div class=\"elementor-element elementor-element-89a1f23 e-flex e-con-boxed e-con e-parent \" data-id=\"89a1f23\" data-element_type=\"container\" data-e-type=\"container\">\t\t\t<div class=\"e-con-inner\">\r\n\t\t<div class=\"elementor-element elementor-element-3175fe8 e-con-full e-flex e-con e-child \" data-id=\"3175fe8\" data-element_type=\"container\" data-e-type=\"container\">\t\t<div class=\"elementor-element elementor-element-85a78ca elementor-widget elementor-widget-pxl_image\" data-id=\"85a78ca\" data-element_type=\"widget\" data-e-type=\"widget\" data-widget_type=\"pxl_image.default\">\n\t\t\t\t<div class=\"elementor-widget-container\">\n\t\t\t\t\t<div id=\"pxl_image-85a78ca-9718\" class=\"pxl-image-single pxl-disable-parallax-sm pxl-hide-sr-lg  \" data-wow-delay=\"ms\"  >\r\n    <div class=\"pxl-item--inner\" data-wow-delay=\"120ms\">\r\n        \r\n                                <div class=\"pxl-item--image\" data-parallax-value=\"\">\r\n                                                    <img fetchpriority=\"high\" decoding=\"async\" width=\"1280\" height=\"853\" src=\"https:\/\/mensosarl.com\/new\/wp-content\/uploads\/2026\/02\/pexels-pixabay-256541.jpg\" class=\"no-lazyload attachment-full\" alt=\"\" \/>                                            <\/div>\r\n                            \r\n            <\/div>\r\n<\/div>\t\t\t\t<\/div>\n\t\t\t\t<\/div>\n\t\t\t\t<\/div>\r\n\t\t<div class=\"elementor-element elementor-element-927e2fd e-con-full e-flex e-con e-child \" data-id=\"927e2fd\" data-element_type=\"container\" data-e-type=\"container\">\t\t<div class=\"elementor-element elementor-element-1aab370 elementor-widget elementor-widget-pxl_text_editor\" data-id=\"1aab370\" data-element_type=\"widget\" data-e-type=\"widget\" data-widget_type=\"pxl_text_editor.default\">\n\t\t\t\t<div class=\"elementor-widget-container\">\n\t\t\t\t\t<div class=\"pxl-text-editor\">\n\t<div class=\"pxl-item--inner \" data-wow-delay=\"ms\">\n\t\t<p data-start=\"73\" data-end=\"429\">La Biblioth\u00e8que MENSO rassemble plus de 1000 ouvrages sp\u00e9cialis\u00e9s couvrant le g\u00e9nie civil, l\u2019ing\u00e9nierie, la gestion de projets et les disciplines techniques connexes. V\u00e9ritable centre de ressources, elle constitue un outil pr\u00e9cieux pour approfondir les connaissances, soutenir la recherche et accompagner la prise de d\u00e9cision sur des projets d\u2019envergure.<\/p><p data-start=\"431\" data-end=\"625\" data-is-last-node=\"\" data-is-only-node=\"\">Riche en r\u00e9f\u00e9rences techniques, normes, guides pratiques et publications scientifiques, elle refl\u00e8te l\u2019engagement de MENSO en faveur de l\u2019excellence, de la formation continue et de l\u2019innovation.<\/p>\t\t\n\t<\/div>\n<\/div>\t\t\t\t<\/div>\n\t\t\t\t<\/div>\n\t\t\t\t<div class=\"elementor-element elementor-element-a57c1de elementor-widget elementor-widget-spacer\" data-id=\"a57c1de\" data-element_type=\"widget\" data-e-type=\"widget\" data-widget_type=\"spacer.default\">\n\t\t\t\t\t\t\t<div class=\"elementor-spacer\">\n\t\t\t<div class=\"elementor-spacer-inner\"><\/div>\n\t\t<\/div>\n\t\t\t\t\t\t<\/div>\n\t\t\t\t<div class=\"elementor-element elementor-element-7a85636 elementor-widget__width-inherit elementor-invisible elementor-widget elementor-widget-pxl_button\" data-id=\"7a85636\" data-element_type=\"widget\" data-e-type=\"widget\" data-settings=\"{&quot;_animation&quot;:&quot;fadeInRight&quot;}\" data-widget_type=\"pxl_button.default\">\n\t\t\t\t<div class=\"elementor-widget-container\">\n\t\t\t\t\t<div id=\"pxl-pxl_button-7a85636-2636\" class=\"pxl-button pxl-atc-link \" data-wow-delay=\"ms\">\r\n    <a href=\"https:\/\/mensosarl.com\/new\/ouvrages-dr-menin\/\" class=\"btn pxl-icon-active  btn-default  inline pxl-icon--right\" data-wow-delay=\"ms\" data-target=\".pxl-page-popup-template-0\">\r\n        <i aria-hidden=\"true\" class=\"far fa-arrow-right\"><\/i>        <span class=\"pxl--btn-text\" data-text=\"voir les ouvrages du docteur menin\">\r\n            voir les ouvrages du docteur menin        <\/span>\r\n            <\/a>\r\n<\/div>\t\t\t\t<\/div>\n\t\t\t\t<\/div>\n\t\t\t\t<\/div>\r\n\t\t\t\t\t<\/div>\r\n\t\t\t\t<\/div>\r\n\t\t\t\t<\/div>\n\t\t","protected":false},"excerpt":{"rendered":"<p>La Biblioth\u00e8que MENSO Plus de 1000 ouvrages au service du savoir La Biblioth\u00e8que MENSO rassemble plus de 1000 ouvrages sp\u00e9cialis\u00e9s couvrant le g\u00e9nie civil, l\u2019ing\u00e9nierie, la gestion de projets et les disciplines techniques connexes. V\u00e9ritable centre de ressources, elle constitue un outil pr\u00e9cieux pour approfondir les connaissances, soutenir la recherche et accompagner la prise de [&hellip;]<\/p>\n","protected":false},"author":2,"featured_media":0,"parent":0,"menu_order":0,"comment_status":"closed","ping_status":"closed","template":"","meta":{"pagelayer_contact_templates":[],"_pagelayer_content":"","footnotes":""},"class_list":["post-17751","page","type-page","status-publish","hentry"],"_links":{"self":[{"href":"https:\/\/mensosarl.com\/new\/wp-json\/wp\/v2\/pages\/17751","targetHints":{"allow":["GET"]}}],"collection":[{"href":"https:\/\/mensosarl.com\/new\/wp-json\/wp\/v2\/pages"}],"about":[{"href":"https:\/\/mensosarl.com\/new\/wp-json\/wp\/v2\/types\/page"}],"author":[{"embeddable":true,"href":"https:\/\/mensosarl.com\/new\/wp-json\/wp\/v2\/users\/2"}],"replies":[{"embeddable":true,"href":"https:\/\/mensosarl.com\/new\/wp-json\/wp\/v2\/comments?post=17751"}],"version-history":[{"count":19,"href":"https:\/\/mensosarl.com\/new\/wp-json\/wp\/v2\/pages\/17751\/revisions"}],"predecessor-version":[{"id":17866,"href":"https:\/\/mensosarl.com\/new\/wp-json\/wp\/v2\/pages\/17751\/revisions\/17866"}],"wp:attachment":[{"href":"https:\/\/mensosarl.com\/new\/wp-json\/wp\/v2\/media?parent=17751"}],"curies":[{"name":"wp","href":"https:\/\/api.w.org\/{rel}","templated":true}]}}