{"id":28,"date":"2023-11-27T09:10:32","date_gmt":"2023-11-27T09:10:32","guid":{"rendered":"https:\/\/demo.bravisthemes.com\/graviton\/?page_id=28"},"modified":"2026-01-31T20:59:35","modified_gmt":"2026-01-31T20:59:35","slug":"a-propos-2","status":"publish","type":"page","link":"https:\/\/mensosarl.com\/new\/a-propos-2\/","title":{"rendered":"A propos"},"content":{"rendered":"\t\t<div data-elementor-type=\"wp-page\" data-elementor-id=\"28\" class=\"elementor elementor-28\">\n\t\t\t\t        <section class=\"elementor-section elementor-top-section elementor-element elementor-element-a3cc70b elementor-section-stretched elementor-section-boxed elementor-section-height-default elementor-section-height-default pxl-row-scroll-none pxl-zoom-point-false pxl-section-overflow-visible pxl-section-fix-none pxl-bg-color-none pxl-section-overlay-none\" data-id=\"a3cc70b\" data-element_type=\"section\" data-e-type=\"section\" data-settings=\"{&quot;stretch_section&quot;:&quot;section-stretched&quot;}\">\n\n                \n                <div class=\"elementor-container elementor-column-gap-extended \">\n                <div class=\"elementor-column elementor-col-100 elementor-top-column elementor-element elementor-element-f0625bd pxl-column-none pxl-column-overflow-hidden-no\" data-id=\"f0625bd\" data-element_type=\"column\" data-e-type=\"column\">\r\n        <div class=\"elementor-widget-wrap elementor-element-populated\">\r\n                     \r\n        \t\t<div class=\"elementor-element elementor-element-65bf84f elementor-widget elementor-widget-spacer\" data-id=\"65bf84f\" data-element_type=\"widget\" data-e-type=\"widget\" data-widget_type=\"spacer.default\">\n\t\t\t\t\t\t\t<div class=\"elementor-spacer\">\n\t\t\t<div class=\"elementor-spacer-inner\"><\/div>\n\t\t<\/div>\n\t\t\t\t\t\t<\/div>\n\t\t            <\/div>\r\n        <\/div>\r\n        \t\t\t<\/div>\n\t\t<\/section>\n\t\t        <section class=\"elementor-section elementor-top-section elementor-element elementor-element-174d785 elementor-section-stretched elementor-section-boxed elementor-section-height-default elementor-section-height-default pxl-row-scroll-none pxl-zoom-point-false pxl-section-overflow-visible pxl-section-fix-none pxl-bg-color-none pxl-section-overlay-none\" data-id=\"174d785\" data-element_type=\"section\" data-e-type=\"section\" data-settings=\"{&quot;stretch_section&quot;:&quot;section-stretched&quot;}\">\n\n                \n                <div class=\"elementor-container elementor-column-gap-extended \">\n                <div class=\"elementor-column elementor-col-50 elementor-top-column elementor-element elementor-element-6e935be pxl-column-none pxl-column-overflow-hidden-no\" data-id=\"6e935be\" data-element_type=\"column\" data-e-type=\"column\">\r\n        <div class=\"elementor-widget-wrap elementor-element-populated\">\r\n                     \r\n        \t\t<div class=\"elementor-element elementor-element-f0de1e9 elementor-widget elementor-widget-pxl_heading\" data-id=\"f0de1e9\" data-element_type=\"widget\" data-e-type=\"widget\" data-widget_type=\"pxl_heading.default\">\n\t\t\t\t<div class=\"elementor-widget-container\">\n\t\t\t\t\t\n<div id=\"pxl-pxl_heading-f0de1e9-1444\" class=\"pxl-heading px-sub-title-default-style \">\n\t<div class=\"pxl-heading--inner\">\n\t\t\n\t\t\t<h3 class=\"pxl-item--title style-default highlight-default \" data-wow-delay=\"ms\">\n\t\t\t\t\t\t\tMENSO Consultant en quelques mots\t\n\t\t\t\t\n\t\t<\/h3>\n\t<\/div>\n<\/div> \t\t\t\t<\/div>\n\t\t\t\t<\/div>\n\t\t\t\t<div class=\"elementor-element elementor-element-0e6d44c elementor-widget elementor-widget-pxl_text_editor\" data-id=\"0e6d44c\" data-element_type=\"widget\" data-e-type=\"widget\" data-widget_type=\"pxl_text_editor.default\">\n\t\t\t\t<div class=\"elementor-widget-container\">\n\t\t\t\t\t<div class=\"pxl-text-editor\">\n\t<div class=\"pxl-item--inner \" data-wow-delay=\"ms\">\n\t\t<p data-start=\"374\" data-end=\"682\">MENSO Consultant est une soci\u00e9t\u00e9 ivoirienne sp\u00e9cialis\u00e9e dans le g\u00e9nie civil, d\u00e9di\u00e9e \u00e0 l\u2019\u00e9tude, la conception et la supervision de projets d\u2019infrastructures modernes. Nous mettons au service des ma\u00eetres d\u2019ouvrage une expertise confirm\u00e9e, fond\u00e9e sur la rigueur, la pr\u00e9cision technique et l\u2019exigence de qualit\u00e9.<\/p><p data-start=\"684\" data-end=\"1088\">Dirig\u00e9e par le <strong data-start=\"699\" data-end=\"718\">Dr Menin Messou<\/strong>, expert reconnu dans le domaine du g\u00e9nie civil, l\u2019entreprise s&#8217;appuie sur plus de deux d\u00e9cennies d\u2019exp\u00e9rience, marqu\u00e9es par la r\u00e9alisation de projets d\u2019envergure en C\u00f4te d\u2019Ivoire et \u00e0 l\u2019international. Gr\u00e2ce \u00e0 sa vision strat\u00e9gique et \u00e0 sa ma\u00eetrise approfondie des enjeux techniques et environnementaux, le Dr Messou guide l&#8217;entreprise vers l\u2019excellence et l\u2019innovation.<\/p><p data-start=\"1090\" data-end=\"1359\">Chez MENSO Consultant, nous croyons en une ing\u00e9nierie responsable, durable et utile au d\u00e9veloppement socio-\u00e9conomique de la C\u00f4te d\u2019Ivoire. Chaque ouvrage que nous r\u00e9alisons contribue \u00e0 b\u00e2tir des infrastructures fiables, p\u00e9rennes et adapt\u00e9es aux besoins des populations.<\/p>\t\t\n\t<\/div>\n<\/div>\t\t\t\t<\/div>\n\t\t\t\t<\/div>\n\t\t            <\/div>\r\n        <\/div>\r\n                <div class=\"elementor-column elementor-col-50 elementor-top-column elementor-element elementor-element-7f9b5c0 pxl-column-none pxl-column-overflow-hidden-no\" data-id=\"7f9b5c0\" data-element_type=\"column\" data-e-type=\"column\">\r\n        <div class=\"elementor-widget-wrap elementor-element-populated\">\r\n                     \r\n        \t\t<div class=\"elementor-element elementor-element-dcf2844 elementor-widget__width-initial elementor-widget elementor-widget-pxl_image\" data-id=\"dcf2844\" data-element_type=\"widget\" data-e-type=\"widget\" data-widget_type=\"pxl_image.default\">\n\t\t\t\t<div class=\"elementor-widget-container\">\n\t\t\t\t\t<div id=\"pxl_image-dcf2844-7551\" class=\"pxl-image-single pxl-disable-parallax-sm pxl-hide-sr-lg  \" data-wow-delay=\"ms\"  >\r\n    <div class=\"pxl-item--inner\" data-wow-delay=\"120ms\">\r\n        \r\n                                <div class=\"pxl-item--image\" data-parallax-value=\"\">\r\n                                                    <img fetchpriority=\"high\" decoding=\"async\" width=\"281\" height=\"495\" src=\"https:\/\/mensosarl.com\/new\/wp-content\/uploads\/2025\/11\/Dr-Menin1.jpg\" class=\"no-lazyload attachment-full\" alt=\"\" \/>                                            <\/div>\r\n                            \r\n            <\/div>\r\n<\/div>\t\t\t\t<\/div>\n\t\t\t\t<\/div>\n\t\t            <\/div>\r\n        <\/div>\r\n        \t\t\t<\/div>\n\t\t<\/section>\n\t\t        <section class=\"elementor-section elementor-top-section elementor-element elementor-element-2400ac9 elementor-section-stretched elementor-section-full_width pxl-section-overflow-hidden elementor-section-height-default elementor-section-height-default pxl-row-scroll-none pxl-zoom-point-false pxl-section-fix-none pxl-full-content-with-space-none pxl-bg-color-none pxl-section-overlay-none\" data-id=\"2400ac9\" data-element_type=\"section\" data-e-type=\"section\" data-settings=\"{&quot;stretch_section&quot;:&quot;section-stretched&quot;}\">\n\n                \n                <div class=\"elementor-container elementor-column-gap-extended \">\n                <div class=\"elementor-column elementor-col-100 elementor-top-column elementor-element elementor-element-212ede3 pxl-column-none pxl-column-overflow-hidden-no\" data-id=\"212ede3\" data-element_type=\"column\" data-e-type=\"column\">\r\n        <div class=\"elementor-widget-wrap\">\r\n                     \r\n                    <\/div>\r\n        <\/div>\r\n        \t\t\t<\/div>\n\t\t<\/section>\n\t\t        <section class=\"elementor-section elementor-top-section elementor-element elementor-element-aafdb88 elementor-section-stretched elementor-section-boxed elementor-section-height-default elementor-section-height-default pxl-row-scroll-none pxl-zoom-point-false pxl-section-overflow-visible pxl-section-fix-none pxl-bg-color-none pxl-section-overlay-none\" data-id=\"aafdb88\" data-element_type=\"section\" data-e-type=\"section\" data-settings=\"{&quot;stretch_section&quot;:&quot;section-stretched&quot;}\">\n\n                \n                <div class=\"elementor-container elementor-column-gap-extended \">\n                <div class=\"elementor-column elementor-col-100 elementor-top-column elementor-element elementor-element-af626a5 pxl-column-none pxl-column-overflow-hidden-no\" data-id=\"af626a5\" data-element_type=\"column\" data-e-type=\"column\">\r\n        <div class=\"elementor-widget-wrap elementor-element-populated\">\r\n                     \r\n        \t\t<div class=\"elementor-element elementor-element-a1d3a94 elementor-widget elementor-widget-pxl_partner_carousel\" data-id=\"a1d3a94\" data-element_type=\"widget\" data-e-type=\"widget\" data-widget_type=\"pxl_partner_carousel.default\">\n\t\t\t\t<div class=\"elementor-widget-container\">\n\t\t\t\t\t    <div class=\"pxl-swiper-slider pxl-partner-carousel pxl-partner-carousel1\">\n        <div class=\"pxl-carousel-inner\">\n            <div class=\"pxl-swiper-container\" dir=\"ltr\" data-settings=\"{&quot;slide_direction&quot;:&quot;horizontal&quot;,&quot;slide_percolumn&quot;:1,&quot;slide_mode&quot;:&quot;slide&quot;,&quot;slides_to_show&quot;:5,&quot;slides_to_show_xxl&quot;:6,&quot;slides_to_show_lg&quot;:4,&quot;slides_to_show_md&quot;:3,&quot;slides_to_show_sm&quot;:2,&quot;slides_to_show_xs&quot;:1,&quot;slides_to_scroll&quot;:1,&quot;arrow&quot;:false,&quot;pagination&quot;:false,&quot;pagination_type&quot;:&quot;bullets&quot;,&quot;autoplay&quot;:false,&quot;pause_on_hover&quot;:false,&quot;pause_on_interaction&quot;:true,&quot;delay&quot;:5000,&quot;loop&quot;:false,&quot;speed&quot;:500}\">\n                <div class=\"pxl-swiper-wrapper\">\n                                            <div class=\"pxl-swiper-slide\">\n                            <div class=\"pxl-item--inner \" data-wow-delay=\"ms\">\n                                                                     <div class=\"pxl-item--logo\">\n                                        <a href=\"#\"><img decoding=\"async\" width=\"300\" height=\"150\" src=\"https:\/\/mensosarl.com\/new\/wp-content\/uploads\/2025\/11\/ageroute-2.webp\" class=\"no-lazyload attachment-full\" alt=\"\" \/><\/a>\n                                    <\/div>\n                                                           <\/div>\n                        <\/div>\n                                            <div class=\"pxl-swiper-slide\">\n                            <div class=\"pxl-item--inner \" data-wow-delay=\"ms\">\n                                                                     <div class=\"pxl-item--logo\">\n                                        <a ><img decoding=\"async\" width=\"300\" height=\"150\" src=\"https:\/\/mensosarl.com\/new\/wp-content\/uploads\/2025\/11\/benedt-2.webp\" class=\"no-lazyload attachment-full\" alt=\"\" \/><\/a>\n                                    <\/div>\n                                                           <\/div>\n                        <\/div>\n                                            <div class=\"pxl-swiper-slide\">\n                            <div class=\"pxl-item--inner \" data-wow-delay=\"ms\">\n                                                                     <div class=\"pxl-item--logo\">\n                                        <a ><img loading=\"lazy\" decoding=\"async\" width=\"300\" height=\"150\" src=\"https:\/\/mensosarl.com\/new\/wp-content\/uploads\/2025\/11\/fer-2.webp\" class=\"no-lazyload attachment-full\" alt=\"\" \/><\/a>\n                                    <\/div>\n                                                           <\/div>\n                        <\/div>\n                                            <div class=\"pxl-swiper-slide\">\n                            <div class=\"pxl-item--inner \" data-wow-delay=\"ms\">\n                                                                     <div class=\"pxl-item--logo\">\n                                        <a ><img loading=\"lazy\" decoding=\"async\" width=\"300\" height=\"150\" src=\"https:\/\/mensosarl.com\/new\/wp-content\/uploads\/2025\/11\/prici-2.webp\" class=\"no-lazyload attachment-full\" alt=\"\" \/><\/a>\n                                    <\/div>\n                                                           <\/div>\n                        <\/div>\n                                            <div class=\"pxl-swiper-slide\">\n                            <div class=\"pxl-item--inner \" data-wow-delay=\"ms\">\n                                                                     <div class=\"pxl-item--logo\">\n                                        <a ><img loading=\"lazy\" decoding=\"async\" width=\"300\" height=\"150\" src=\"https:\/\/mensosarl.com\/new\/wp-content\/uploads\/2025\/11\/banque-mondiale-2.webp\" class=\"no-lazyload attachment-full\" alt=\"\" \/><\/a>\n                                    <\/div>\n                                                           <\/div>\n                        <\/div>\n                                            <div class=\"pxl-swiper-slide\">\n                            <div class=\"pxl-item--inner \" data-wow-delay=\"ms\">\n                                                                     <div class=\"pxl-item--logo\">\n                                        <a ><img loading=\"lazy\" decoding=\"async\" width=\"300\" height=\"150\" src=\"https:\/\/mensosarl.com\/new\/wp-content\/uploads\/2025\/11\/boad-2.webp\" class=\"no-lazyload attachment-full\" alt=\"\" \/><\/a>\n                                    <\/div>\n                                                           <\/div>\n                        <\/div>\n                                    <\/div>\n            <\/div>\n            \n                    <\/div>\n    <\/div>\n\t\t\t\t<\/div>\n\t\t\t\t<\/div>\n\t\t            <\/div>\r\n        <\/div>\r\n        \t\t\t<\/div>\n\t\t<\/section>\n\t\t        <section class=\"elementor-section elementor-top-section elementor-element elementor-element-46687d0 elementor-section-full_width elementor-section-stretched elementor-section-height-default elementor-section-height-default pxl-row-scroll-none pxl-zoom-point-false pxl-section-overflow-visible pxl-section-fix-none pxl-full-content-with-space-none pxl-bg-color-none pxl-section-overlay-none\" data-id=\"46687d0\" data-element_type=\"section\" data-e-type=\"section\" data-settings=\"{&quot;stretch_section&quot;:&quot;section-stretched&quot;}\">\n\n                \n                <div class=\"elementor-container elementor-column-gap-no \">\n                <div class=\"elementor-column elementor-col-100 elementor-top-column elementor-element elementor-element-31e5714 pxl-column-none pxl-column-overflow-hidden-no\" data-id=\"31e5714\" data-element_type=\"column\" data-e-type=\"column\">\r\n        <div class=\"elementor-widget-wrap elementor-element-populated\">\r\n                     \r\n        \t\t<div class=\"elementor-element elementor-element-6aa357a elementor-widget elementor-widget-pxl_image_carousel\" data-id=\"6aa357a\" data-element_type=\"widget\" data-e-type=\"widget\" data-widget_type=\"pxl_image_carousel.default\">\n\t\t\t\t<div class=\"elementor-widget-container\">\n\t\t\t\t\t    <div id=\"pxl-gallery-6a04ce2a7a915\" class=\"pxl-swiper-slider pxl-image-carousel pxl-image-carousel1 style-2\" >\n        <div class=\"pxl-carousel-inner\">\n\n            <div class=\"pxl-swiper-container\" dir=\"ltr\" data-settings=\"{&quot;slide_direction&quot;:&quot;horizontal&quot;,&quot;slide_percolumn&quot;:1,&quot;slide_mode&quot;:&quot;slide&quot;,&quot;slides_to_show&quot;:4,&quot;slides_to_show_xxl&quot;:4,&quot;slides_to_show_lg&quot;:3,&quot;slides_to_show_md&quot;:2,&quot;slides_to_show_sm&quot;:2,&quot;slides_to_show_xs&quot;:1,&quot;slides_to_scroll&quot;:1,&quot;arrow&quot;:false,&quot;pagination&quot;:false,&quot;pagination_type&quot;:&quot;bullets&quot;,&quot;autoplay&quot;:true,&quot;pause_on_hover&quot;:false,&quot;pause_on_interaction&quot;:true,&quot;delay&quot;:10,&quot;loop&quot;:true,&quot;speed&quot;:35000}\">\n                <div class=\"pxl-swiper-wrapper\">\n                                            <div class=\"pxl-swiper-slide\">\n                            <div class=\"pxl-item--inner \" data-wow-delay=\"ms\">\n                                                                                                            <div class=\"pxl-item--image \">\n                                            <img decoding=\"async\" class=\"no-lazyload \" src=\"\" width=\"\" height=\"\" alt=\"IMG-20251111-WA0038\" title=\"IMG-20251111-WA0038\" \/>                                                                                            <a href=\"\" class=\"lightbox\" data-elementor-lightbox-slideshow=\"pxl-gallery-6a04ce2a7a915\"><i class=\"fas fa-eye\"><\/i><\/a>\n                                                                                    <\/div>\n                                                                                                            \n                                                            <\/div>\n                        <\/div>\n                                            <div class=\"pxl-swiper-slide\">\n                            <div class=\"pxl-item--inner \" data-wow-delay=\"ms\">\n                                                                                                            <div class=\"pxl-item--image \">\n                                            <img decoding=\"async\" class=\"no-lazyload \" src=\"\" width=\"\" height=\"\" alt=\"IMG-20251111-WA0039\" title=\"IMG-20251111-WA0039\" \/>                                                                                            <a href=\"\" class=\"lightbox\" data-elementor-lightbox-slideshow=\"pxl-gallery-6a04ce2a7a915\"><i class=\"fas fa-eye\"><\/i><\/a>\n                                                                                    <\/div>\n                                                                                                            \n                                                            <\/div>\n                        <\/div>\n                                            <div class=\"pxl-swiper-slide\">\n                            <div class=\"pxl-item--inner \" data-wow-delay=\"ms\">\n                                                                                                            <div class=\"pxl-item--image \">\n                                            <img decoding=\"async\" class=\"no-lazyload \" src=\"\" width=\"\" height=\"\" alt=\"IMG-20251111-WA0059\" title=\"IMG-20251111-WA0059\" \/>                                                                                            <a href=\"\" class=\"lightbox\" data-elementor-lightbox-slideshow=\"pxl-gallery-6a04ce2a7a915\"><i class=\"fas fa-eye\"><\/i><\/a>\n                                                                                    <\/div>\n                                                                                                            \n                                                            <\/div>\n                        <\/div>\n                                            <div class=\"pxl-swiper-slide\">\n                            <div class=\"pxl-item--inner \" data-wow-delay=\"ms\">\n                                                                                                            <div class=\"pxl-item--image \">\n                                            <img decoding=\"async\" class=\"no-lazyload \" src=\"\" width=\"\" height=\"\" alt=\"IMG-20251111-WA0047\" title=\"IMG-20251111-WA0047\" \/>                                                                                            <a href=\"\" class=\"lightbox\" data-elementor-lightbox-slideshow=\"pxl-gallery-6a04ce2a7a915\"><i class=\"fas fa-eye\"><\/i><\/a>\n                                                                                    <\/div>\n                                                                                                            \n                                                            <\/div>\n                        <\/div>\n                                            <div class=\"pxl-swiper-slide\">\n                            <div class=\"pxl-item--inner \" data-wow-delay=\"ms\">\n                                                                                                            <div class=\"pxl-item--image \">\n                                            <img decoding=\"async\" class=\"no-lazyload \" src=\"\" width=\"\" height=\"\" alt=\"IMG-20251111-WA0041\" title=\"IMG-20251111-WA0041\" \/>                                                                                            <a href=\"\" class=\"lightbox\" data-elementor-lightbox-slideshow=\"pxl-gallery-6a04ce2a7a915\"><i class=\"fas fa-eye\"><\/i><\/a>\n                                                                                    <\/div>\n                                                                                                            \n                                                            <\/div>\n                        <\/div>\n                                    <\/div>\n            <\/div>\n\n        <\/div>\n                \n    <\/div>\n\t\t\t\t<\/div>\n\t\t\t\t<\/div>\n\t\t            <\/div>\r\n        <\/div>\r\n        \t\t\t<\/div>\n\t\t<\/section>\n\t\t\t\t<\/div>\n\t\t","protected":false},"excerpt":{"rendered":"<p>MENSO Consultant en quelques mots MENSO Consultant est une soci\u00e9t\u00e9 ivoirienne sp\u00e9cialis\u00e9e dans le g\u00e9nie civil, d\u00e9di\u00e9e \u00e0 l\u2019\u00e9tude, la conception et la supervision de projets d\u2019infrastructures modernes. Nous mettons au service des ma\u00eetres d\u2019ouvrage une expertise confirm\u00e9e, fond\u00e9e sur la rigueur, la pr\u00e9cision technique et l\u2019exigence de qualit\u00e9. Dirig\u00e9e par le Dr Menin Messou, [&hellip;]<\/p>\n","protected":false},"author":1,"featured_media":0,"parent":0,"menu_order":0,"comment_status":"closed","ping_status":"closed","template":"","meta":{"pagelayer_contact_templates":[],"_pagelayer_content":"","footnotes":""},"class_list":["post-28","page","type-page","status-publish","hentry"],"_links":{"self":[{"href":"https:\/\/mensosarl.com\/new\/wp-json\/wp\/v2\/pages\/28","targetHints":{"allow":["GET"]}}],"collection":[{"href":"https:\/\/mensosarl.com\/new\/wp-json\/wp\/v2\/pages"}],"about":[{"href":"https:\/\/mensosarl.com\/new\/wp-json\/wp\/v2\/types\/page"}],"author":[{"embeddable":true,"href":"https:\/\/mensosarl.com\/new\/wp-json\/wp\/v2\/users\/1"}],"replies":[{"embeddable":true,"href":"https:\/\/mensosarl.com\/new\/wp-json\/wp\/v2\/comments?post=28"}],"version-history":[{"count":47,"href":"https:\/\/mensosarl.com\/new\/wp-json\/wp\/v2\/pages\/28\/revisions"}],"predecessor-version":[{"id":16733,"href":"https:\/\/mensosarl.com\/new\/wp-json\/wp\/v2\/pages\/28\/revisions\/16733"}],"wp:attachment":[{"href":"https:\/\/mensosarl.com\/new\/wp-json\/wp\/v2\/media?parent=28"}],"curies":[{"name":"wp","href":"https:\/\/api.w.org\/{rel}","templated":true}]}}