{"id":30,"date":"2023-11-27T09:10:55","date_gmt":"2023-11-27T09:10:55","guid":{"rendered":"https:\/\/demo.bravisthemes.com\/graviton\/?page_id=30"},"modified":"2026-02-21T13:47:59","modified_gmt":"2026-02-21T13:47:59","slug":"contact","status":"publish","type":"page","link":"https:\/\/mensosarl.com\/new\/contact\/","title":{"rendered":"Contact"},"content":{"rendered":"\t\t<div data-elementor-type=\"wp-page\" data-elementor-id=\"30\" class=\"elementor elementor-30\">\n\t\t\t\t        <section class=\"elementor-section elementor-top-section elementor-element elementor-element-9892001 elementor-section-stretched elementor-section-boxed elementor-section-height-default elementor-section-height-default pxl-row-scroll-none pxl-zoom-point-false pxl-section-overflow-visible pxl-section-fix-none pxl-bg-color-none pxl-section-overlay-none\" data-id=\"9892001\" data-element_type=\"section\" data-e-type=\"section\" data-settings=\"{&quot;stretch_section&quot;:&quot;section-stretched&quot;}\">\n\n                \n                <div class=\"elementor-container elementor-column-gap-extended \">\n                <div class=\"elementor-column elementor-col-100 elementor-top-column elementor-element elementor-element-0ddaed2 pxl-column-none pxl-column-overflow-hidden-no\" data-id=\"0ddaed2\" data-element_type=\"column\" data-e-type=\"column\">\r\n        <div class=\"elementor-widget-wrap elementor-element-populated\">\r\n                     \r\n        \t\t<div class=\"elementor-element elementor-element-c12076f ct-widget-google_maps elementor-widget elementor-widget-google_maps\" data-id=\"c12076f\" data-element_type=\"widget\" data-e-type=\"widget\" data-widget_type=\"google_maps.default\">\n\t\t\t\t\t\t\t<div class=\"elementor-custom-embed\">\n\t\t\t<iframe loading=\"lazy\"\n\t\t\t\t\tsrc=\"https:\/\/maps.google.com\/maps?q=Menso%20sarl&#038;t=m&#038;z=13&#038;output=embed&#038;iwloc=near\"\n\t\t\t\t\ttitle=\"Menso sarl\"\n\t\t\t\t\taria-label=\"Menso sarl\"\n\t\t\t><\/iframe>\n\t\t<\/div>\n\t\t\t\t\t\t<\/div>\n\t\t            <\/div>\r\n        <\/div>\r\n        \t\t\t<\/div>\n\t\t<\/section>\n\t\t        <section class=\"elementor-section elementor-top-section elementor-element elementor-element-080b857 elementor-section-stretched elementor-section-boxed elementor-section-height-default elementor-section-height-default pxl-row-scroll-none pxl-zoom-point-false pxl-section-overflow-visible pxl-section-fix-none pxl-bg-color-none pxl-section-overlay-none\" data-id=\"080b857\" data-element_type=\"section\" data-e-type=\"section\" data-settings=\"{&quot;stretch_section&quot;:&quot;section-stretched&quot;}\">\n\n                \n                <div class=\"elementor-container elementor-column-gap-extended \">\n                <div class=\"elementor-column elementor-col-100 elementor-top-column elementor-element elementor-element-4e9a5c6 pxl-column-none pxl-column-overflow-hidden-no\" data-id=\"4e9a5c6\" data-element_type=\"column\" data-e-type=\"column\">\r\n        <div class=\"elementor-widget-wrap elementor-element-populated\">\r\n                     \r\n                <section class=\"elementor-section elementor-inner-section elementor-element elementor-element-368b1d9 elementor-section-content-middle elementor-section-boxed elementor-section-height-default elementor-section-height-default pxl-row-scroll-none pxl-zoom-point-false pxl-section-overflow-visible pxl-section-fix-none pxl-bg-color-none pxl-section-overlay-none\" data-id=\"368b1d9\" data-element_type=\"section\" data-e-type=\"section\" data-settings=\"{&quot;background_background&quot;:&quot;classic&quot;}\">\n\n                \n                <div class=\"elementor-container elementor-column-gap-extended \">\n                <div class=\"elementor-column elementor-col-50 elementor-inner-column elementor-element elementor-element-d2386cc pxl-column-none pxl-column-overflow-hidden-no\" data-id=\"d2386cc\" data-element_type=\"column\" data-e-type=\"column\">\r\n        <div class=\"elementor-widget-wrap elementor-element-populated\">\r\n                     \r\n        \t\t<div class=\"elementor-element elementor-element-d3b2934 elementor-widget elementor-widget-pxl_heading\" data-id=\"d3b2934\" data-element_type=\"widget\" data-e-type=\"widget\" data-widget_type=\"pxl_heading.default\">\n\t\t\t\t<div class=\"elementor-widget-container\">\n\t\t\t\t\t\n<div id=\"pxl-pxl_heading-d3b2934-7811\" class=\"pxl-heading px-sub-title-dot-style \">\n\t<div class=\"pxl-heading--inner\">\n\t\t\t\t\t<div class=\"pxl-item--subtitle px-sub-title-dot pxl-split-text split-in-right\" data-wow-delay=\"ms\">\n\t\t\t\t<span class=\"pxl-item--subtext\">\n\t\t\t\t\t\t\t\t\t\tTravaillons ensemble\t\t\t\t<\/span>\n\t\t\t<\/div>\n\t\t\n\t\t\t<h3 class=\"pxl-item--title style-default highlight-default \" data-wow-delay=\"ms\">\n\t\t\t\t\t\t\tContactez-nous\t\n\t\t\t\t\n\t\t<\/h3>\n\t<\/div>\n<\/div> \t\t\t\t<\/div>\n\t\t\t\t<\/div>\n\t\t\t\t<div class=\"elementor-element elementor-element-91dbe83 elementor-widget elementor-widget-pxl_text_editor\" data-id=\"91dbe83\" data-element_type=\"widget\" data-e-type=\"widget\" data-widget_type=\"pxl_text_editor.default\">\n\t\t\t\t<div class=\"elementor-widget-container\">\n\t\t\t\t\t<div class=\"pxl-text-editor\">\n\t<div class=\"pxl-item--inner \" data-wow-delay=\"ms\">\n\t\t\t\t\n\t<\/div>\n<\/div>\t\t\t\t<\/div>\n\t\t\t\t<\/div>\n\t\t\t\t<div class=\"elementor-element elementor-element-cebce88 elementor-widget elementor-widget-pxl_text_editor\" data-id=\"cebce88\" data-element_type=\"widget\" data-e-type=\"widget\" data-widget_type=\"pxl_text_editor.default\">\n\t\t\t\t<div class=\"elementor-widget-container\">\n\t\t\t\t\t<div class=\"pxl-text-editor\">\n\t<div class=\"pxl-item--inner \" data-wow-delay=\"ms\">\n\t\t<p>Assistance t\u00e9l\u00e9phonique jours ouvr\u00e9s<\/p>\t\t\n\t<\/div>\n<\/div>\t\t\t\t<\/div>\n\t\t\t\t<\/div>\n\t\t\t\t<div class=\"elementor-element elementor-element-5a468c1 elementor-widget elementor-widget-pxl_text_editor\" data-id=\"5a468c1\" data-element_type=\"widget\" data-e-type=\"widget\" data-widget_type=\"pxl_text_editor.default\">\n\t\t\t\t<div class=\"elementor-widget-container\">\n\t\t\t\t\t<div class=\"pxl-text-editor\">\n\t<div class=\"pxl-item--inner \" data-wow-delay=\"ms\">\n\t\t<p>+225 2722464701<\/p>\t\t\n\t<\/div>\n<\/div>\t\t\t\t<\/div>\n\t\t\t\t<\/div>\n\t\t\t\t<div class=\"elementor-element elementor-element-7e288cc elementor-widget__width-auto elementor-widget elementor-widget-pxl_heading\" data-id=\"7e288cc\" data-element_type=\"widget\" data-e-type=\"widget\" data-widget_type=\"pxl_heading.default\">\n\t\t\t\t<div class=\"elementor-widget-container\">\n\t\t\t\t\t\n<div id=\"pxl-pxl_heading-7e288cc-2078\" class=\"pxl-heading px-sub-title-default-style \">\n\t<div class=\"pxl-heading--inner\">\n\t\t\t\t\t<div class=\"pxl-item--subtitle px-sub-title-default \" data-wow-delay=\"ms\">\n\t\t\t\t<span class=\"pxl-item--subtext\">\n\t\t\t\t\t\t\t\t\t\tRue K20, Cocody 2 Plateaux\t\t\t\t<\/span>\n\t\t\t<\/div>\n\t\t\n\t\t\t<h3 class=\"pxl-item--title style-default highlight-default \" data-wow-delay=\"ms\">\n\t\t\t\t\t\t\tAbidjan, C\u00f4te d&#8217;Ivoire\t\n\t\t\t\t\n\t\t<\/h3>\n\t<\/div>\n<\/div> \t\t\t\t<\/div>\n\t\t\t\t<\/div>\n\t\t\t\t<div class=\"elementor-element elementor-element-4f543f7 elementor-widget__width-auto elementor-widget elementor-widget-pxl_heading\" data-id=\"4f543f7\" data-element_type=\"widget\" data-e-type=\"widget\" data-widget_type=\"pxl_heading.default\">\n\t\t\t\t<div class=\"elementor-widget-container\">\n\t\t\t\t\t\n<div id=\"pxl-pxl_heading-4f543f7-6348\" class=\"pxl-heading px-sub-title-default-style \">\n\t<div class=\"pxl-heading--inner\">\n\t\t\t\t\t<div class=\"pxl-item--subtitle px-sub-title-default \" data-wow-delay=\"ms\">\n\t\t\t\t<span class=\"pxl-item--subtext\">\n\t\t\t\t\t\t\t\t\t\t\u00c9crivez-nous \u00e0\t\t\t\t<\/span>\n\t\t\t<\/div>\n\t\t\n\t\t\t<h3 class=\"pxl-item--title style-default highlight-default \" data-wow-delay=\"ms\">\n\t\t\t\t\t\t\tinfo@mensosarl.com\t\n\t\t\t\t\n\t\t<\/h3>\n\t<\/div>\n<\/div> \t\t\t\t<\/div>\n\t\t\t\t<\/div>\n\t\t            <\/div>\r\n        <\/div>\r\n                <div class=\"elementor-column elementor-col-50 elementor-inner-column elementor-element elementor-element-2692d15 pxl-column-none pxl-column-overflow-hidden-no\" data-id=\"2692d15\" data-element_type=\"column\" data-e-type=\"column\">\r\n        <div class=\"elementor-widget-wrap\">\r\n                     \r\n                    <\/div>\r\n        <\/div>\r\n        \t\t\t<\/div>\n\t\t<\/section>\n\t\t            <\/div>\r\n        <\/div>\r\n        \t\t\t<\/div>\n\t\t<\/section>\n\t\t<div class=\"elementor-element elementor-element-110129b e-flex e-con-boxed e-con e-parent \" data-id=\"110129b\" data-element_type=\"container\" data-e-type=\"container\">\t\t\t<div class=\"e-con-inner\">\r\n\t\t\t\t<div class=\"elementor-element elementor-element-7c165e4 elementor-widget elementor-widget-shortcode\" data-id=\"7c165e4\" data-element_type=\"widget\" data-e-type=\"widget\" data-widget_type=\"shortcode.default\">\n\t\t\t\t\t\t\t<div class=\"elementor-shortcode\">\n<div class=\"wpcf7 no-js\" id=\"wpcf7-f4810-o1\" lang=\"en-US\" dir=\"ltr\" data-wpcf7-id=\"4810\">\n<div class=\"screen-reader-response\"><p role=\"status\" aria-live=\"polite\" aria-atomic=\"true\"><\/p> <ul><\/ul><\/div>\n<form action=\"\/new\/wp-json\/wp\/v2\/pages\/30#wpcf7-f4810-o1\" method=\"post\" class=\"wpcf7-form init\" aria-label=\"Contact form\" novalidate=\"novalidate\" data-status=\"init\">\n<fieldset class=\"hidden-fields-container\"><input type=\"hidden\" name=\"_wpcf7\" value=\"4810\" \/><input type=\"hidden\" name=\"_wpcf7_version\" value=\"6.1.5\" \/><input type=\"hidden\" name=\"_wpcf7_locale\" value=\"en_US\" \/><input type=\"hidden\" name=\"_wpcf7_unit_tag\" value=\"wpcf7-f4810-o1\" \/><input type=\"hidden\" name=\"_wpcf7_container_post\" value=\"0\" \/><input type=\"hidden\" name=\"_wpcf7_posted_data_hash\" value=\"\" \/>\n<\/fieldset>\n<div class=\"wrap-ctf-popup wrap-form\">\n\t<div class=\"containter\">\n\t\t<div class=\"row\">\n\t\t\t<div class=\"input-filled col-xl-6 col-lg-6 col-md-6 col-sm-6 col-xs-12\">\n\t\t\t\t<p><span class=\"wpcf7-form-control-wrap your-name\"><br \/>\n<span class=\"wpcf7-form-control-wrap\" data-name=\"your-name\"><input size=\"40\" maxlength=\"400\" class=\"wpcf7-form-control wpcf7-text wpcf7-validates-as-required\" aria-required=\"true\" aria-invalid=\"false\" placeholder=\"*Votre nom\" value=\"\" type=\"text\" name=\"your-name\" \/><\/span><br \/>\n<\/span>\n\t\t\t\t<\/p>\n\t\t\t<\/div>\n\t\t\t<div class=\"input-filled col-xl-6 col-lg-6 col-md-6 col-sm-6 col-xs-12\">\n\t\t\t\t<p><span class=\"wpcf7-form-control-wrap your-email\"><br \/>\n<span class=\"wpcf7-form-control-wrap\" data-name=\"your-email\"><input size=\"40\" maxlength=\"400\" class=\"wpcf7-form-control wpcf7-email wpcf7-validates-as-required wpcf7-text wpcf7-validates-as-email\" aria-required=\"true\" aria-invalid=\"false\" placeholder=\"*Votre adresse e-mail\" value=\"\" type=\"email\" name=\"your-email\" \/><\/span><br \/>\n<\/span>\n\t\t\t\t<\/p>\n\t\t\t<\/div>\n\t\t\t<div class=\"input-filled col-xl-12\">\n\t\t\t\t<p><span class=\"wpcf7-form-control-wrap your-phone\"><br \/>\n<span class=\"wpcf7-form-control-wrap\" data-name=\"your-phone\"><input size=\"40\" maxlength=\"400\" class=\"wpcf7-form-control wpcf7-tel wpcf7-validates-as-required wpcf7-text wpcf7-validates-as-tel\" aria-required=\"true\" aria-invalid=\"false\" placeholder=\"*Votre num\u00e9ro de t\u00e9l\u00e9phone\" value=\"\" type=\"tel\" name=\"your-phone\" \/><\/span><br \/>\n<\/span>\n\t\t\t\t<\/p>\n\t\t\t<\/div>\n\t\t\t<div class=\"input-filled col-xl-12\">\n\t\t\t\t<p><span class=\"wpcf7-form-control-wrap your-messeage\"><br \/>\n<span class=\"wpcf7-form-control-wrap\" data-name=\"your-messeage\"><textarea cols=\"40\" rows=\"10\" maxlength=\"2000\" class=\"wpcf7-form-control wpcf7-textarea wpcf7-validates-as-required\" aria-required=\"true\" aria-invalid=\"false\" placeholder=\"Votre Messeage....\" name=\"your-messeage\"><\/textarea><\/span><br \/>\n<\/span>\n\t\t\t\t<\/p>\n\t\t\t<\/div>\n\t\t\t<div class=\"input-filled col-xl-12 d-flex\">\n\t\t\t\t<p><span class=\"wpcf7-form-control-wrap wpcf7-acceptance\"><br \/>\n<span class=\"wpcf7-form-control-wrap\" data-name=\"checkbox-446\"><span class=\"wpcf7-form-control wpcf7-checkbox\"><span class=\"wpcf7-list-item first last\"><label><input type=\"checkbox\" name=\"checkbox-446[]\" value=\"Accepter les conditions g\u00e9n\u00e9rales d&#039;utilisation..\" \/><span class=\"wpcf7-list-item-label\">Accepter les conditions g\u00e9n\u00e9rales d&#039;utilisation..<\/span><\/label><\/span><\/span><\/span><br \/>\n<\/span><br \/>\n<button type=\"Send\" class=\"wpcf7-submit wpcf7-btn-abs\" > Envoyer message <i class=\"far fa-arrow-right\"><\/i> <\/button>\n\t\t\t\t<\/p>\n\t\t\t<\/div>\n\t\t<\/div>\n\t<\/div>\n<\/div><div class=\"wpcf7-response-output\" aria-hidden=\"true\"><\/div>\n<\/form>\n<\/div>\n<\/div>\n\t\t\t\t\t\t<\/div>\n\t\t\t\t\t<\/div>\r\n\t\t\t\t<\/div>\r\n\t\t        <section class=\"elementor-section elementor-top-section elementor-element elementor-element-ccb3a25 elementor-section-full_width elementor-section-stretched elementor-section-height-default elementor-section-height-default pxl-row-scroll-none pxl-zoom-point-false pxl-section-overflow-visible pxl-section-fix-none pxl-full-content-with-space-none pxl-bg-color-none pxl-section-overlay-none\" data-id=\"ccb3a25\" data-element_type=\"section\" data-e-type=\"section\" data-settings=\"{&quot;stretch_section&quot;:&quot;section-stretched&quot;}\">\n\n                \n                <div class=\"elementor-container elementor-column-gap-no \">\n                <div class=\"elementor-column elementor-col-100 elementor-top-column elementor-element elementor-element-77acfbf pxl-column-none pxl-column-overflow-hidden-no\" data-id=\"77acfbf\" data-element_type=\"column\" data-e-type=\"column\">\r\n        <div class=\"elementor-widget-wrap elementor-element-populated\">\r\n                     \r\n        \t\t<div class=\"elementor-element elementor-element-a1c0d61 elementor-widget elementor-widget-pxl_image_carousel\" data-id=\"a1c0d61\" data-element_type=\"widget\" data-e-type=\"widget\" data-widget_type=\"pxl_image_carousel.default\">\n\t\t\t\t<div class=\"elementor-widget-container\">\n\t\t\t\t\t    <div id=\"pxl-gallery-69f50a407e020\" class=\"pxl-swiper-slider pxl-image-carousel pxl-image-carousel1 style-2\" >\n        <div class=\"pxl-carousel-inner\">\n\n            <div class=\"pxl-swiper-container\" dir=\"ltr\" data-settings=\"{&quot;slide_direction&quot;:&quot;horizontal&quot;,&quot;slide_percolumn&quot;:1,&quot;slide_mode&quot;:&quot;slide&quot;,&quot;slides_to_show&quot;:4,&quot;slides_to_show_xxl&quot;:4,&quot;slides_to_show_lg&quot;:3,&quot;slides_to_show_md&quot;:2,&quot;slides_to_show_sm&quot;:2,&quot;slides_to_show_xs&quot;:1,&quot;slides_to_scroll&quot;:1,&quot;arrow&quot;:false,&quot;pagination&quot;:false,&quot;pagination_type&quot;:&quot;bullets&quot;,&quot;autoplay&quot;:true,&quot;pause_on_hover&quot;:false,&quot;pause_on_interaction&quot;:true,&quot;delay&quot;:10,&quot;loop&quot;:true,&quot;speed&quot;:35000}\">\n                <div class=\"pxl-swiper-wrapper\">\n                                            <div class=\"pxl-swiper-slide\">\n                            <div class=\"pxl-item--inner \" data-wow-delay=\"ms\">\n                                                                                                            <div class=\"pxl-item--image \">\n                                            <img decoding=\"async\" class=\"no-lazyload \" src=\"\" width=\"\" height=\"\" alt=\"IMG-20251111-WA0038\" title=\"IMG-20251111-WA0038\" \/>                                                                                            <a href=\"\" class=\"lightbox\" data-elementor-lightbox-slideshow=\"pxl-gallery-69f50a407e020\"><i class=\"fas fa-eye\"><\/i><\/a>\n                                                                                    <\/div>\n                                                                                                            \n                                                            <\/div>\n                        <\/div>\n                                            <div class=\"pxl-swiper-slide\">\n                            <div class=\"pxl-item--inner \" data-wow-delay=\"ms\">\n                                                                                                            <div class=\"pxl-item--image \">\n                                            <img decoding=\"async\" class=\"no-lazyload \" src=\"\" width=\"\" height=\"\" alt=\"IMG-20251111-WA0039\" title=\"IMG-20251111-WA0039\" \/>                                                                                            <a href=\"\" class=\"lightbox\" data-elementor-lightbox-slideshow=\"pxl-gallery-69f50a407e020\"><i class=\"fas fa-eye\"><\/i><\/a>\n                                                                                    <\/div>\n                                                                                                            \n                                                            <\/div>\n                        <\/div>\n                                            <div class=\"pxl-swiper-slide\">\n                            <div class=\"pxl-item--inner \" data-wow-delay=\"ms\">\n                                                                                                            <div class=\"pxl-item--image \">\n                                            <img decoding=\"async\" class=\"no-lazyload \" src=\"\" width=\"\" height=\"\" alt=\"IMG-20251111-WA0059\" title=\"IMG-20251111-WA0059\" \/>                                                                                            <a href=\"\" class=\"lightbox\" data-elementor-lightbox-slideshow=\"pxl-gallery-69f50a407e020\"><i class=\"fas fa-eye\"><\/i><\/a>\n                                                                                    <\/div>\n                                                                                                            \n                                                            <\/div>\n                        <\/div>\n                                            <div class=\"pxl-swiper-slide\">\n                            <div class=\"pxl-item--inner \" data-wow-delay=\"ms\">\n                                                                                                            <div class=\"pxl-item--image \">\n                                            <img decoding=\"async\" class=\"no-lazyload \" src=\"\" width=\"\" height=\"\" alt=\"IMG-20251111-WA0047\" title=\"IMG-20251111-WA0047\" \/>                                                                                            <a href=\"\" class=\"lightbox\" data-elementor-lightbox-slideshow=\"pxl-gallery-69f50a407e020\"><i class=\"fas fa-eye\"><\/i><\/a>\n                                                                                    <\/div>\n                                                                                                            \n                                                            <\/div>\n                        <\/div>\n                                            <div class=\"pxl-swiper-slide\">\n                            <div class=\"pxl-item--inner \" data-wow-delay=\"ms\">\n                                                                                                            <div class=\"pxl-item--image \">\n                                            <img decoding=\"async\" class=\"no-lazyload \" src=\"\" width=\"\" height=\"\" alt=\"IMG-20251111-WA0041\" title=\"IMG-20251111-WA0041\" \/>                                                                                            <a href=\"\" class=\"lightbox\" data-elementor-lightbox-slideshow=\"pxl-gallery-69f50a407e020\"><i class=\"fas fa-eye\"><\/i><\/a>\n                                                                                    <\/div>\n                                                                                                            \n                                                            <\/div>\n                        <\/div>\n                                    <\/div>\n            <\/div>\n\n        <\/div>\n                \n    <\/div>\n\t\t\t\t<\/div>\n\t\t\t\t<\/div>\n\t\t            <\/div>\r\n        <\/div>\r\n        \t\t\t<\/div>\n\t\t<\/section>\n\t\t\t\t<\/div>\n\t\t","protected":false},"excerpt":{"rendered":"<p>Travaillons ensemble Contactez-nous Assistance t\u00e9l\u00e9phonique jours ouvr\u00e9s +225 2722464701 Rue K20, Cocody 2 Plateaux Abidjan, C\u00f4te d&#8217;Ivoire \u00c9crivez-nous \u00e0 info@mensosarl.com<\/p>\n","protected":false},"author":1,"featured_media":0,"parent":0,"menu_order":0,"comment_status":"closed","ping_status":"closed","template":"","meta":{"pagelayer_contact_templates":[],"_pagelayer_content":"","footnotes":""},"class_list":["post-30","page","type-page","status-publish","hentry"],"_links":{"self":[{"href":"https:\/\/mensosarl.com\/new\/wp-json\/wp\/v2\/pages\/30","targetHints":{"allow":["GET"]}}],"collection":[{"href":"https:\/\/mensosarl.com\/new\/wp-json\/wp\/v2\/pages"}],"about":[{"href":"https:\/\/mensosarl.com\/new\/wp-json\/wp\/v2\/types\/page"}],"author":[{"embeddable":true,"href":"https:\/\/mensosarl.com\/new\/wp-json\/wp\/v2\/users\/1"}],"replies":[{"embeddable":true,"href":"https:\/\/mensosarl.com\/new\/wp-json\/wp\/v2\/comments?post=30"}],"version-history":[{"count":13,"href":"https:\/\/mensosarl.com\/new\/wp-json\/wp\/v2\/pages\/30\/revisions"}],"predecessor-version":[{"id":17785,"href":"https:\/\/mensosarl.com\/new\/wp-json\/wp\/v2\/pages\/30\/revisions\/17785"}],"wp:attachment":[{"href":"https:\/\/mensosarl.com\/new\/wp-json\/wp\/v2\/media?parent=30"}],"curies":[{"name":"wp","href":"https:\/\/api.w.org\/{rel}","templated":true}]}}