{"id":17515,"date":"2026-02-20T14:12:06","date_gmt":"2026-02-20T14:12:06","guid":{"rendered":"https:\/\/mensosarl.com\/new\/?post_type=product&#038;p=17515"},"modified":"2026-02-20T15:32:05","modified_gmt":"2026-02-20T15:32:05","slug":"notes-sur-les-pratiques-du-controle-des-travaux-routiers","status":"publish","type":"product","link":"https:\/\/mensosarl.com\/new\/product\/notes-sur-les-pratiques-du-controle-des-travaux-routiers\/","title":{"rendered":"Notes sur les pratiques  du contr\u00f4le des travaux  routiers"},"content":{"rendered":"<div class=\"flex pt-3 pb-1 gap-1 ps-[16px] pe-[24px] sticky top-0 z-10 flex-shrink-0 bg-[var(--background-gray-main)]\">\n<div class=\"flex items-center gap-1 flex-shrink-0 pointer-events-auto\">\n<div class=\"flex h-7 w-7 items-center justify-center cursor-pointer rounded-md hover:bg-[var(--fill-tsp-gray-main)]\">\u00ab Le contr\u00f4le des travaux est l&#8217;op\u00e9ration qui consiste \u00e0 s&#8217;assurer que le projet est r\u00e9alis\u00e9 conform\u00e9ment aux plans et sp\u00e9cifications techniques \u00bb.<\/div>\n<\/div>\n<\/div>\n<div class=\"mx-auto w-full max-w-full px-5 sm:max-w-[768px] sm:min-w-[400px] flex flex-col flex-1\">\n<div class=\"w-full pb-[80px] pt-[24px] flex-1\">\n<div class=\"flex flex-col gap-3 pb-3 empty:pb-0\">\n<div class=\"flex flex-col gap-2 w-full group mt-3\" data-event-id=\"iYczpuFb6Luaqel0w1IAVL\">\n<div class=\"max-w-none p-0 m-0 text-[16px] leading-[1.5] text-[var(--text-primary)] [&amp;_pre:not(.shiki)]:!bg-[var(--fill-tsp-white-light)] [&amp;_pre:not(.shiki)]:text-[var(--text-primary)] manus-markdown group [&amp;&gt;*:first-child]:mt-0 [&amp;&gt;*:first-child&gt;*:first-child]:pt-0 [&amp;&gt;*:last-child]:mb-0 [&amp;&gt;*:first-child&gt;*:first-child]:pb-0\" dir=\"auto\">\n<div class=\"my-[1px]\">\n<div class=\"py-[3px] whitespace-pre-wrap u-break-words\">\u00ab Le contr\u00f4le repr\u00e9sente donc, pour le propri\u00e9taire de l&#8217;ouvrage l&#8217;assurance d&#8217;avoir un ouvrage conforme au projet qui a \u00e9t\u00e9 con\u00e7u, \u00e0 l&#8217;objectif qui a \u00e9t\u00e9 fix\u00e9 (co\u00fbt et d\u00e9lai).<\/div>\n<\/div>\n<div class=\"my-[1px]\">\n<div class=\"py-[3px] whitespace-pre-wrap u-break-words\">\u00ab Le contr\u00f4le des travaux est donc une op\u00e9ration n\u00e9cessaire. C&#8217;est une op\u00e9ration difficile car les \u00e9ventuelles malfa\u00e7ons sont souvent invisibles ou tr\u00e8s lentes \u00e0 se manifester \u00bb.<\/div>\n<\/div>\n<div class=\"my-[1px]\">\n<div class=\"py-[3px] whitespace-pre-wrap u-break-words\">Le contr\u00f4le vise essentiellement \u00e0 faire respecter un projet d\u00e9fini par des plans et des sp\u00e9cifications techniques, contrairement \u00e0 la pratique qui consisterait \u00e0 amender le projet au fur et \u00e0 mesure de l&#8217;avancement des travaux. Cependant, il peut \u00eatre parfois n\u00e9cessaire de revoir tr\u00e8s partiellement un projet en cours de travaux.<\/div>\n<\/div>\n<div class=\"my-[1px]\">\n<div class=\"py-[3px] whitespace-pre-wrap u-break-words\">La qualit\u00e9 de l&#8217;ouvrage d\u00e9pend donc \u00e9troitement de celle du Projet.<\/div>\n<\/div>\n<div class=\"my-[1px]\">\n<div class=\"py-[3px] whitespace-pre-wrap u-break-words\"><strong>2. D\u00e9finitions des principaux acteurs du contr\u00f4le des travaux<\/strong><\/div>\n<\/div>\n<div class=\"my-[1px]\">\n<div class=\"py-[3px] whitespace-pre-wrap u-break-words\">L&#8217;ex\u00e9cution d&#8217;un march\u00e9 de travaux de construction routi\u00e8re (ou d&#8217;entretien routier) met en pr\u00e9sence les trois principaux acteurs suivants :<\/div>\n<\/div>\n<div class=\"my-[1px]\">\n<div class=\"py-[3px] whitespace-pre-wrap u-break-words\">a) le Ma\u00eetre de l&#8217;ouvrage : La personne physique ou morale pour le compte de laquelle les travaux sont ex\u00e9cut\u00e9s :<\/div>\n<\/div>\n<div class=\"my-[1px]\">\n<div class=\"py-[3px] whitespace-pre-wrap u-break-words\">Le Minist\u00e8re des Infrastructures Economiques ou la collectivit\u00e9 territoriale.<\/div>\n<\/div>\n<div class=\"my-[1px]\">\n<div class=\"py-[3px] whitespace-pre-wrap u-break-words\">Le Ma\u00eetre de l&#8217;ouvrage est g\u00e9n\u00e9ralement repr\u00e9sent\u00e9 par son d\u00e9l\u00e9gu\u00e9, le Ma\u00eetre d&#8217;ouvrage d\u00e9l\u00e9gu\u00e9 dans tous les actes techniques, financiers, administratifs (ici, l&#8217;AGEROUTE est le Ma\u00eetre d&#8217;Ouvrage d\u00e9l\u00e9gu\u00e9 du Minist\u00e8re des Infrastructures Economiques en mati\u00e8re de travaux routiers) ;<\/div>\n<\/div>\n<div class=\"my-[1px]\">\n<div class=\"py-[3px] whitespace-pre-wrap u-break-words\">b) le Ma\u00eetre d&#8217;\u0153uvre (ou le Contr\u00f4leur) : La personne morale ou physique qui pour sa comp\u00e9tence technique, est charg\u00e9e par le Ma\u00eetre d&#8217;ouvrage (ou par le ma\u00eetre d&#8217;ouvrage d\u00e9l\u00e9gu\u00e9, responsable du march\u00e9) de diriger, de contr\u00f4ler l&#8217;ex\u00e9cution des travaux et de proposer leur r\u00e9ception et leur r\u00e8glement.<\/div>\n<\/div>\n<div class=\"my-[1px]\">\n<div class=\"py-[3px] whitespace-pre-wrap u-break-words\">Le Ma\u00eetre d&#8217;\u0153uvre peut \u00eatre un responsable d&#8217;un Service Technique de l&#8217;Etat ou d&#8217;une collectivit\u00e9 territoriale ou un Bureau d&#8217;Etudes Techniques (BET).<\/div>\n<\/div>\n<div class=\"my-[1px]\">\n<div class=\"py-[3px] whitespace-pre-wrap u-break-words\">Ce Ma\u00eetre d&#8217;\u0153uvre a une obligation de r\u00e9sultat ;<\/div>\n<\/div>\n<div class=\"my-[1px]\">\n<div class=\"py-[3px] whitespace-pre-wrap u-break-words\">c) l&#8217;Entrepreneur ; Qui peut \u00eatre individuel ou une soci\u00e9t\u00e9 ou des entrepreneurs group\u00e9s (s&#8217;ils ont sign\u00e9 un acte d&#8217;engagement unique).<\/div>\n<\/div>\n<div class=\"my-[1px]\">\n<div class=\"py-[3px] whitespace-pre-wrap u-break-words\">Par MENIN Messou<\/div>\n<\/div>\n<\/div>\n<\/div>\n<\/div>\n<\/div>\n<\/div>\n","protected":false},"excerpt":{"rendered":"<div class=\"my-[1px]\">\n<div class=\"py-[3px] whitespace-pre-wrap u-break-words\">\u00ab Le contr\u00f4le des travaux est l&#8217;op\u00e9ration qui consiste \u00e0 s&#8217;assurer que le projet est r\u00e9alis\u00e9 conform\u00e9ment aux plans et sp\u00e9cifications techniques \u00bb.<\/div>\n<\/div>\n<div class=\"my-[1px]\">\n<div class=\"py-[3px] whitespace-pre-wrap u-break-words\">\u00ab Le contr\u00f4le repr\u00e9sente donc, pour le propri\u00e9taire de l&#8217;ouvrage l&#8217;assurance d&#8217;avoir un ouvrage conforme au projet qui a \u00e9t\u00e9 con\u00e7u, \u00e0 l&#8217;objectif qui a \u00e9t\u00e9 fix\u00e9 (co\u00fbt et d\u00e9lai).<\/div>\n<\/div>\n","protected":false},"featured_media":17518,"comment_status":"open","ping_status":"closed","template":"","meta":{"pagelayer_contact_templates":[],"_pagelayer_content":""},"product_brand":[],"product_cat":[103],"product_tag":[],"class_list":{"0":"post-17515","1":"product","2":"type-product","3":"status-publish","4":"has-post-thumbnail","6":"product_cat-ouvrages-dr-menin","8":"first","9":"instock","10":"shipping-taxable","11":"purchasable","12":"product-type-simple"},"_links":{"self":[{"href":"https:\/\/mensosarl.com\/new\/wp-json\/wp\/v2\/product\/17515","targetHints":{"allow":["GET"]}}],"collection":[{"href":"https:\/\/mensosarl.com\/new\/wp-json\/wp\/v2\/product"}],"about":[{"href":"https:\/\/mensosarl.com\/new\/wp-json\/wp\/v2\/types\/product"}],"replies":[{"embeddable":true,"href":"https:\/\/mensosarl.com\/new\/wp-json\/wp\/v2\/comments?post=17515"}],"wp:featuredmedia":[{"embeddable":true,"href":"https:\/\/mensosarl.com\/new\/wp-json\/wp\/v2\/media\/17518"}],"wp:attachment":[{"href":"https:\/\/mensosarl.com\/new\/wp-json\/wp\/v2\/media?parent=17515"}],"wp:term":[{"taxonomy":"product_brand","embeddable":true,"href":"https:\/\/mensosarl.com\/new\/wp-json\/wp\/v2\/product_brand?post=17515"},{"taxonomy":"product_cat","embeddable":true,"href":"https:\/\/mensosarl.com\/new\/wp-json\/wp\/v2\/product_cat?post=17515"},{"taxonomy":"product_tag","embeddable":true,"href":"https:\/\/mensosarl.com\/new\/wp-json\/wp\/v2\/product_tag?post=17515"}],"curies":[{"name":"wp","href":"https:\/\/api.w.org\/{rel}","templated":true}]}}