{"id":17568,"date":"2026-02-20T14:42:08","date_gmt":"2026-02-20T14:42:08","guid":{"rendered":"https:\/\/mensosarl.com\/new\/?post_type=product&#038;p=17568"},"modified":"2026-02-21T10:10:09","modified_gmt":"2026-02-21T10:10:09","slug":"les-cahiers-de-menso-la-fabrication-la-mise-en-oeuvre-le-controle-et-les-consequences-des-anomalies-sur-la-qualite-des-materiaux-traites-aux-liants-hydrocarbones-en-particulier-au-bitume-materiaux","status":"publish","type":"product","link":"https:\/\/mensosarl.com\/new\/product\/les-cahiers-de-menso-la-fabrication-la-mise-en-oeuvre-le-controle-et-les-consequences-des-anomalies-sur-la-qualite-des-materiaux-traites-aux-liants-hydrocarbones-en-particulier-au-bitume-materiaux\/","title":{"rendered":"La Fabrication, la mise en \u0153uvre, le contr\u00f4le&#8230;"},"content":{"rendered":"<div class=\"my-[1px]\">\n<div class=\"py-[3px] whitespace-pre-wrap u-break-words\"><strong>Les Cahiers de MENSO<\/strong><\/div>\n<\/div>\n<div class=\"my-[1px]\">\n<div class=\"py-[3px] whitespace-pre-wrap u-break-words\"><strong>La Fabrication, la mise en \u0153uvre, le contr\u00f4le et les cons\u00e9quences des anomalies sur la qualit\u00e9 des mat\u00e9riaux trait\u00e9s aux liants hydrocarbon\u00e9s, en particulier au Bitume (mat\u00e9riaux Bitumineux)<\/strong><\/div>\n<\/div>\n<div class=\"my-[1px]\">\n<div class=\"py-[3px] whitespace-pre-wrap u-break-words\"><strong>A l&#8217;attention des Contr\u00f4leurs de Chantiers Routiers<\/strong><\/div>\n<\/div>\n<p>Les Cahiers de MENSO dont le pr\u00e9sent num\u00e9ro est le premier, ont pour objectifs d&#8217;apporter un \u00e9clairage sp\u00e9cial et dirig\u00e9 sur chaque partie constitutive de la route \u00e0 l\u2019\u00e9tape des travaux de construction neuve ou d\u2019entretien.<br \/>\nCes cahiers s&#8217;adressent aux contr\u00f4leurs des travaux et aux ing\u00e9nieurs de suivi des Missions de Contr\u00f4le dont la fonction est de faire r\u00e9aliser des ouvrages de qualit\u00e9 et \u00e9conomique, ils s\u2019adressent aussi aux techniciens, Ing\u00e9nieurs de l&#8217;Entreprise de travaux.<br \/>\nCe num\u00e9ro jette la lumi\u00e8re sur les mat\u00e9riaux bitumineux. En effet la qualit\u00e9 d\u2019une couche d\u2019enrob\u00e9 bitumineux mise en place d\u00e9pend d\u2019abord de la qualit\u00e9 des constituants, du respect des proportions de chaque \u00e9l\u00e9ment dans le m\u00e9lange (d\u00e9termin\u00e9 par l&#8217;\u00e9tude de formulation) ensuite du respect des r\u00e8gles et conditions de fabrication en centrale (\u00e9tat de fonctionnement des diff\u00e9rents dispositifs de la centrale, conditions d\u2019alimentation et \u00e9tat des constituants, temp\u00e9rature de chauffe, temps de malaxage etc.) et enfin des conditions de mise en \u0153uvre (\u00e9tat du support, machine de r\u00e9pandage, temp\u00e9rature, atelier de compactage, ..etc).<br \/>\nL\u2019atteinte de la qualit\u00e9 recherch\u00e9e d\u00e9pend du professionnalisme de l&#8217;Entreprise et de la qualit\u00e9 des prestations du contr\u00f4leur c\u2019est \u00e0 dire la ma\u00eetrise par les contr\u00f4leurs des divers param\u00e8tres qui ont une incidence sur la qualit\u00e9 de l\u2019enrob\u00e9.<br \/>\nCes cahiers Menso se veulent une aide, devenir un vade mecum du contr\u00f4leur de chantier routier.<br \/>\nDr MENIN MESSOU<\/p>\n","protected":false},"excerpt":{"rendered":"<p>Les Cahiers de MENSO dont le pr\u00e9sent num\u00e9ro est le premier, ont pour objectifs d&#8217;apporter un \u00e9clairage sp\u00e9cial et dirig\u00e9 sur chaque partie constitutive de la route \u00e0 l\u2019\u00e9tape des travaux de construction neuve ou d\u2019entretien.<br \/>\nCes cahiers s&#8217;adressent aux contr\u00f4leurs des travaux et aux ing\u00e9nieurs de suivi des Missions de Contr\u00f4le dont la fonction est de faire r\u00e9aliser des ouvrages de qualit\u00e9 et \u00e9conomique, ils s\u2019adressent aussi aux techniciens, Ing\u00e9nieurs de l&#8217;Entreprise de travaux.<\/p>\n","protected":false},"featured_media":17571,"comment_status":"open","ping_status":"closed","template":"","meta":{"pagelayer_contact_templates":[],"_pagelayer_content":""},"product_brand":[],"product_cat":[69,103],"product_tag":[],"class_list":{"0":"post-17568","1":"product","2":"type-product","3":"status-publish","4":"has-post-thumbnail","6":"product_cat-non-classe","7":"product_cat-ouvrages-dr-menin","9":"first","10":"instock","11":"shipping-taxable","12":"purchasable","13":"product-type-simple"},"_links":{"self":[{"href":"https:\/\/mensosarl.com\/new\/wp-json\/wp\/v2\/product\/17568","targetHints":{"allow":["GET"]}}],"collection":[{"href":"https:\/\/mensosarl.com\/new\/wp-json\/wp\/v2\/product"}],"about":[{"href":"https:\/\/mensosarl.com\/new\/wp-json\/wp\/v2\/types\/product"}],"replies":[{"embeddable":true,"href":"https:\/\/mensosarl.com\/new\/wp-json\/wp\/v2\/comments?post=17568"}],"wp:featuredmedia":[{"embeddable":true,"href":"https:\/\/mensosarl.com\/new\/wp-json\/wp\/v2\/media\/17571"}],"wp:attachment":[{"href":"https:\/\/mensosarl.com\/new\/wp-json\/wp\/v2\/media?parent=17568"}],"wp:term":[{"taxonomy":"product_brand","embeddable":true,"href":"https:\/\/mensosarl.com\/new\/wp-json\/wp\/v2\/product_brand?post=17568"},{"taxonomy":"product_cat","embeddable":true,"href":"https:\/\/mensosarl.com\/new\/wp-json\/wp\/v2\/product_cat?post=17568"},{"taxonomy":"product_tag","embeddable":true,"href":"https:\/\/mensosarl.com\/new\/wp-json\/wp\/v2\/product_tag?post=17568"}],"curies":[{"name":"wp","href":"https:\/\/api.w.org\/{rel}","templated":true}]}}