{"id":17822,"date":"2026-02-24T18:01:15","date_gmt":"2026-02-24T18:01:15","guid":{"rendered":"https:\/\/mensosarl.com\/new\/?post_type=product&#038;p=17822"},"modified":"2026-02-24T18:01:15","modified_gmt":"2026-02-24T18:01:15","slug":"routes-de-cote-divoire-de-1893-a-2000","status":"publish","type":"product","link":"https:\/\/mensosarl.com\/new\/product\/routes-de-cote-divoire-de-1893-a-2000\/","title":{"rendered":"ROUTES DE COTE D&#8217;IVOIRE DE 1893 A 2000"},"content":{"rendered":"<p>Pr\u00e9sentation de l&#8217;\u0153uvre\u00ab Routes de C\u00f4te d&#8217;Ivoire de 1893 \u00e0 2000 \u00bb veut d&#8217;abord porter t\u00e9moignage de :L&#8217;esprit de recherche qui a habit\u00e9 les pionniers de la route ivoirienne pour trouver des solutions originales et adapt\u00e9es aux probl\u00e8mes rencontr\u00e9s ;L&#8217;enthousiasme et la foi en la route, facteur de d\u00e9veloppement \u00e9conomique du pays, qui ont caract\u00e9ris\u00e9 les techniciens et les administrateurs avant l&#8217;ind\u00e9pendance ;L&#8217;entretien de cette flamme, de l&#8217;enthousiasme et de la foi en la route par les autorit\u00e9s politiques et les techniciens de la route apr\u00e8s l&#8217;ind\u00e9pendance et durant la deuxi\u00e8me moiti\u00e9 du 20 \u00e8me si\u00e8cle.L&#8217;ouvrage, qui comprend trois grandes parties, traite de la construction, du financement et de l&#8217;entretien des routes de C\u00f4te d&#8217;Ivoire. Il permet aussi de suivre l&#8217;\u00e9volution ou plut\u00f4t l&#8217;am\u00e9lioration progressive des routes du pays, des sentiers aux routes modernes en passant par les pistes, les pistes routi\u00e8res et les routes \u00e9conomiques.Biographie de l&#8217;AuteurM. MENIN MESSOU, n\u00e9 \u00e0 Adjouan (D\u00e9partement d&#8217;Aboisso en C\u00f4te d&#8217;Ivoire) est Docteur-Ing\u00e9nieur de l&#8217;Ecole Nationale des Ponts et Chauss\u00e9es de Paris, Ing\u00e9nieur des Travaux Publics de l&#8217;Ecole Nationale Sup\u00e9rieure des Travaux Publics (ENSTP) d&#8217;Abidjan.Enseignement : Ancien charg\u00e9 du cours de routes \u00e0 l&#8217;ENSTP d&#8217;Abidjan et \u00e0 l&#8217;ENSI de l&#8217;Institut National Polytechnique F\u00e9lix Houphou\u00ebt Boigny de Yamoussoukro (1980-1997).Haute Fonction Publique : Ancien Directeur de Cabinet au Minist\u00e8re des Travaux Publics et des Transports de 1986-1989.Expertise Technique : Ancien Directeur G\u00e9n\u00e9ral du Laboratoire du B\u00e2timent et des Travaux Publics (LBTP) de C\u00f4te d&#8217;Ivoire de 1996-2001.Secteur Priv\u00e9 : Directeur-G\u00e9rant de MENSO Consultant, un bureau d&#8217;Ing\u00e9nieurs Conseils sp\u00e9cialis\u00e9 dans les \u00e9tudes, les expertises, le contr\u00f4le des travaux et la formation dans le domaine de la route, du b\u00e2timent, de l&#8217;hydraulique et de l&#8217;environnement.Depuis des nombreuses ann\u00e9es, M. MENIN MESSOU suit l&#8217;\u00e9volution de la construction routi\u00e8re en Afrique et particuli\u00e8rement en C\u00f4te d&#8217;Ivoire. Il a anim\u00e9 plusieurs s\u00e9minaires et ateliers sur les probl\u00e8mes routiers et a publi\u00e9 des articles et des ouvrages de vulgarisation technique.<\/p>\n","protected":false},"excerpt":{"rendered":"<p>Pr\u00e9sentation de l&#8217;\u0153uvre\u00ab Routes de C\u00f4te d&#8217;Ivoire de 1893 \u00e0 2000 \u00bb veut d&#8217;abord porter t\u00e9moignage de :L&#8217;esprit de recherche qui a habit\u00e9 les pionniers de la route ivoirienne pour trouver des solutions originales et adapt\u00e9es aux probl\u00e8mes rencontr\u00e9s ;L&#8217;enthousiasme et la foi en la route, facteur de d\u00e9veloppement \u00e9conomique du pays, qui ont caract\u00e9ris\u00e9 les techniciens et les administrateurs avant l&#8217;ind\u00e9pendance ;L&#8217;entretien de cette flamme, de l&#8217;enthousiasme et de la foi en la route par les autorit\u00e9s politiques et les techniciens de la route apr\u00e8s l&#8217;ind\u00e9pendance et durant la deuxi\u00e8me moiti\u00e9 du 20 \u00e8me si\u00e8cle.<\/p>\n","protected":false},"featured_media":17820,"comment_status":"open","ping_status":"closed","template":"","meta":{"pagelayer_contact_templates":[],"_pagelayer_content":""},"product_brand":[],"product_cat":[103],"product_tag":[],"class_list":{"0":"post-17822","1":"product","2":"type-product","3":"status-publish","4":"has-post-thumbnail","6":"product_cat-ouvrages-dr-menin","8":"first","9":"instock","10":"shipping-taxable","11":"purchasable","12":"product-type-simple"},"_links":{"self":[{"href":"https:\/\/mensosarl.com\/new\/wp-json\/wp\/v2\/product\/17822","targetHints":{"allow":["GET"]}}],"collection":[{"href":"https:\/\/mensosarl.com\/new\/wp-json\/wp\/v2\/product"}],"about":[{"href":"https:\/\/mensosarl.com\/new\/wp-json\/wp\/v2\/types\/product"}],"replies":[{"embeddable":true,"href":"https:\/\/mensosarl.com\/new\/wp-json\/wp\/v2\/comments?post=17822"}],"wp:featuredmedia":[{"embeddable":true,"href":"https:\/\/mensosarl.com\/new\/wp-json\/wp\/v2\/media\/17820"}],"wp:attachment":[{"href":"https:\/\/mensosarl.com\/new\/wp-json\/wp\/v2\/media?parent=17822"}],"wp:term":[{"taxonomy":"product_brand","embeddable":true,"href":"https:\/\/mensosarl.com\/new\/wp-json\/wp\/v2\/product_brand?post=17822"},{"taxonomy":"product_cat","embeddable":true,"href":"https:\/\/mensosarl.com\/new\/wp-json\/wp\/v2\/product_cat?post=17822"},{"taxonomy":"product_tag","embeddable":true,"href":"https:\/\/mensosarl.com\/new\/wp-json\/wp\/v2\/product_tag?post=17822"}],"curies":[{"name":"wp","href":"https:\/\/api.w.org\/{rel}","templated":true}]}}