{"id":17825,"date":"2026-02-24T18:07:20","date_gmt":"2026-02-24T18:07:20","guid":{"rendered":"https:\/\/mensosarl.com\/new\/?post_type=product&#038;p=17825"},"modified":"2026-02-24T18:07:20","modified_gmt":"2026-02-24T18:07:20","slug":"la-maison-traditionnelle-en-cote-divoire-maison-du-canton-dadjouan-departement-daboisso","status":"publish","type":"product","link":"https:\/\/mensosarl.com\/new\/product\/la-maison-traditionnelle-en-cote-divoire-maison-du-canton-dadjouan-departement-daboisso\/","title":{"rendered":"LA MAISON TRADITIONNELLE EN COTE D&#8217;IVOIRE MAISON DU CANTON D&#8217;ADJOUAN (DEPARTEMENT D&#8217;ABOISSO)"},"content":{"rendered":"<p>La maison est un des modes d&#8217;expression les plus int\u00e9ressants, les plus riches de l&#8217;imagination des hommes. C&#8217;est en m\u00eame temps l&#8217;\u00e9l\u00e9ment le plus quotidien qui soit et ses interactions avec les actions de la vie, les pens\u00e9es, les modes de vie sont constantes.<\/p>\n<p>Ainsi chaque population de ce pays en fonction de sa localisation g\u00e9ographique et de son mode de vie, a-t-elle une fa\u00e7on propre d&#8217;organiser son espace villageois et donc de construire sa maison. Cependant sous le couvert du modernisme dit-on et dans la recherche des maisons dites \u00ab en dur \u00bb (maisons en parpaing de ciment), tous les villages de C\u00f4te d&#8217;Ivoire, du Nord au Sud, de l&#8217;Est \u00e0 l&#8217;Ouest sont en train d&#8217;\u00eatre construits avec les m\u00eames types de maisons.<\/p>\n<p>Cette monotonie ou uniformit\u00e9 dans les maisons en milieu rural risque de faire oublier aux g\u00e9n\u00e9rations futures comment \u00e9taient construites les maisons dans les diff\u00e9rentes r\u00e9gions de C\u00f4te d&#8217;Ivoire.<\/p>\n<p>Ce pr\u00e9sent ouvrage sur l&#8217;art traditionnel de construire les maisons en pays Agni est d&#8217;abord un t\u00e9moignage pour les g\u00e9n\u00e9rations futures et un clin d&#8217;\u0153il fait \u00e0 tous ceux et \u00e0 toutes celles qui cherchent \u00e0 r\u00e9soudre le probl\u00e8me de l&#8217;am\u00e9lioration de l&#8217;habitat en milieu rural.<\/p>\n<p>En effet, les pouvoirs publics depuis l&#8217;ind\u00e9pendance semblent avoir choisi d&#8217;abandonner les constructions traditionnelles dans leur politique d&#8217;am\u00e9lioration de l&#8217;habitat rural ; et cependant pour diverses raisons, le rythme de construction de logements modernes dans ces zones est faible et les besoins sont encore \u00e9normes, aussi n&#8217;est-il pas inutile de se livrer \u00e0 quelques r\u00e9flexions sur les caract\u00e9ristiques de l&#8217;habitat traditionnel.<\/p>\n<p>Ces diagnostics techniques (de la construction traditionnelle en pays Agni) permettront de d\u00e9gager les points forts et les points faibles de ces constructions en vue d&#8217;une \u00e9ventuelle am\u00e9lioration en attendant que les moyens financiers autorisent chaque villageois \u00e0 se construire sa maison en dur.<\/p>\n<p>MENIN MESSOU<\/p>\n","protected":false},"excerpt":{"rendered":"<p>La maison est un des modes d&#8217;expression les plus int\u00e9ressants, les plus riches de l&#8217;imagination des hommes. C&#8217;est en m\u00eame temps l&#8217;\u00e9l\u00e9ment le plus quotidien qui soit et ses interactions avec les actions de la vie, les pens\u00e9es, les modes de vie sont constantes.<\/p>\n","protected":false},"featured_media":17817,"comment_status":"open","ping_status":"closed","template":"","meta":{"pagelayer_contact_templates":[],"_pagelayer_content":""},"product_brand":[],"product_cat":[103],"product_tag":[],"class_list":{"0":"post-17825","1":"product","2":"type-product","3":"status-publish","4":"has-post-thumbnail","6":"product_cat-ouvrages-dr-menin","8":"first","9":"instock","10":"shipping-taxable","11":"purchasable","12":"product-type-simple"},"_links":{"self":[{"href":"https:\/\/mensosarl.com\/new\/wp-json\/wp\/v2\/product\/17825","targetHints":{"allow":["GET"]}}],"collection":[{"href":"https:\/\/mensosarl.com\/new\/wp-json\/wp\/v2\/product"}],"about":[{"href":"https:\/\/mensosarl.com\/new\/wp-json\/wp\/v2\/types\/product"}],"replies":[{"embeddable":true,"href":"https:\/\/mensosarl.com\/new\/wp-json\/wp\/v2\/comments?post=17825"}],"wp:featuredmedia":[{"embeddable":true,"href":"https:\/\/mensosarl.com\/new\/wp-json\/wp\/v2\/media\/17817"}],"wp:attachment":[{"href":"https:\/\/mensosarl.com\/new\/wp-json\/wp\/v2\/media?parent=17825"}],"wp:term":[{"taxonomy":"product_brand","embeddable":true,"href":"https:\/\/mensosarl.com\/new\/wp-json\/wp\/v2\/product_brand?post=17825"},{"taxonomy":"product_cat","embeddable":true,"href":"https:\/\/mensosarl.com\/new\/wp-json\/wp\/v2\/product_cat?post=17825"},{"taxonomy":"product_tag","embeddable":true,"href":"https:\/\/mensosarl.com\/new\/wp-json\/wp\/v2\/product_tag?post=17825"}],"curies":[{"name":"wp","href":"https:\/\/api.w.org\/{rel}","templated":true}]}}