{"id":17840,"date":"2026-02-24T18:32:57","date_gmt":"2026-02-24T18:32:57","guid":{"rendered":"https:\/\/mensosarl.com\/new\/?post_type=product&#038;p=17840"},"modified":"2026-02-24T18:32:57","modified_gmt":"2026-02-24T18:32:57","slug":"genis-le-genie-pour-la-viabilite-des-routes-en-cote-divoire","status":"publish","type":"product","link":"https:\/\/mensosarl.com\/new\/product\/genis-le-genie-pour-la-viabilite-des-routes-en-cote-divoire\/","title":{"rendered":"GENIS, Le g\u00e9nie pour la viabilit\u00e9 des routes en C\u00f4te d\u2019Ivoire ?"},"content":{"rendered":"<p>GENIS,<br \/>\nLe g\u00e9nie pour la viabilit\u00e9 des routes en C\u00f4te d\u2019Ivoire ?<\/p>\n","protected":false},"excerpt":{"rendered":"<p>GENIS,<br \/>\nLe g\u00e9nie pour la viabilit\u00e9 des routes en C\u00f4te d\u2019Ivoire ?<\/p>\n","protected":false},"featured_media":17812,"comment_status":"open","ping_status":"closed","template":"","meta":{"pagelayer_contact_templates":[],"_pagelayer_content":""},"product_brand":[],"product_cat":[103],"product_tag":[],"class_list":{"0":"post-17840","1":"product","2":"type-product","3":"status-publish","4":"has-post-thumbnail","6":"product_cat-ouvrages-dr-menin","8":"first","9":"instock","10":"shipping-taxable","11":"purchasable","12":"product-type-simple"},"_links":{"self":[{"href":"https:\/\/mensosarl.com\/new\/wp-json\/wp\/v2\/product\/17840","targetHints":{"allow":["GET"]}}],"collection":[{"href":"https:\/\/mensosarl.com\/new\/wp-json\/wp\/v2\/product"}],"about":[{"href":"https:\/\/mensosarl.com\/new\/wp-json\/wp\/v2\/types\/product"}],"replies":[{"embeddable":true,"href":"https:\/\/mensosarl.com\/new\/wp-json\/wp\/v2\/comments?post=17840"}],"wp:featuredmedia":[{"embeddable":true,"href":"https:\/\/mensosarl.com\/new\/wp-json\/wp\/v2\/media\/17812"}],"wp:attachment":[{"href":"https:\/\/mensosarl.com\/new\/wp-json\/wp\/v2\/media?parent=17840"}],"wp:term":[{"taxonomy":"product_brand","embeddable":true,"href":"https:\/\/mensosarl.com\/new\/wp-json\/wp\/v2\/product_brand?post=17840"},{"taxonomy":"product_cat","embeddable":true,"href":"https:\/\/mensosarl.com\/new\/wp-json\/wp\/v2\/product_cat?post=17840"},{"taxonomy":"product_tag","embeddable":true,"href":"https:\/\/mensosarl.com\/new\/wp-json\/wp\/v2\/product_tag?post=17840"}],"curies":[{"name":"wp","href":"https:\/\/api.w.org\/{rel}","templated":true}]}}