{"id":17849,"date":"2026-02-24T18:49:41","date_gmt":"2026-02-24T18:49:41","guid":{"rendered":"https:\/\/mensosarl.com\/new\/?post_type=product&#038;p=17849"},"modified":"2026-02-25T23:46:00","modified_gmt":"2026-02-25T23:46:00","slug":"dis-moi-aka","status":"publish","type":"product","link":"https:\/\/mensosarl.com\/new\/product\/dis-moi-aka\/","title":{"rendered":"DIS MOI, AKA"},"content":{"rendered":"<p>Offrir des conditions de circulation en toute s\u00e9curit\u00e9 sur les routes est une des principales pr\u00e9occupations des autorit\u00e9s charg\u00e9es des infrastructures routi\u00e8res et de transports routiers.<\/p>\n<p>Aussi dans la plupart des pays des actions sont-elles men\u00e9es pour :<\/p>\n<p>am\u00e9liorer les trac\u00e9s routiers ;<\/p>\n<p>adapter les structures et l&#8217;\u00e9tat de surface au trafic ;<\/p>\n<p>offrir une meilleure formation aux candidats au permis de conduire ;<\/p>\n<p>assurer une sensibilisation permanente des conducteurs automobiles \u00e0 la question de la s\u00e9curit\u00e9 routi\u00e8re ;<\/p>\n<p>Etc.<\/p>\n<p>Le pr\u00e9sent fascicule est une petite contribution aux actions immenses des autorit\u00e9s pour rendre la route moins mortelle.<\/p>\n<p>Il rapporte deux dialogues sur quelques aspects des conditions de circulation (la surcharge et la vitesse), entre AKA Technicien de la route et ses amis YAO et DANGA, tous deux automobilistes.<\/p>\n<p>L&#8217;objectif de ces dialogues est d&#8217;enrichir (ou de rafra\u00eechir) tant soit peu les connaissances n\u00e9cessaires des conducteurs et des transporteurs pour une prise effective de conscience de leur part de responsabilit\u00e9 dans :<\/p>\n<p>la r\u00e9duction des accidents mortels de la circulation,<\/p>\n<p>l&#8217;atteinte de la dur\u00e9e de vie projet\u00e9e des chauss\u00e9es.<\/p>\n<p>Dr MENIN Messou<\/p>\n","protected":false},"excerpt":{"rendered":"<p>Offrir des conditions de circulation en toute s\u00e9curit\u00e9 sur les routes est une des principales pr\u00e9occupations des autorit\u00e9s charg\u00e9es des infrastructures routi\u00e8res et de transports routiers.<\/p>\n<p>[oneclick single=&#8221;true&#8221; phone=&#8221;002250707342709&#8243; product=&#8221;current&#8221; text=&#8221;Commander par WhatsApp&#8221; message=&#8221;Bonjour, je voudrais commander ce produit svp.&#8221; fullwidth=&#8221;false&#8221;]<\/p>\n","protected":false},"featured_media":17810,"comment_status":"open","ping_status":"closed","template":"","meta":{"pagelayer_contact_templates":[],"_pagelayer_content":""},"product_brand":[],"product_cat":[103],"product_tag":[],"class_list":{"0":"post-17849","1":"product","2":"type-product","3":"status-publish","4":"has-post-thumbnail","6":"product_cat-ouvrages-dr-menin","8":"first","9":"instock","10":"shipping-taxable","11":"purchasable","12":"product-type-simple"},"_links":{"self":[{"href":"https:\/\/mensosarl.com\/new\/wp-json\/wp\/v2\/product\/17849","targetHints":{"allow":["GET"]}}],"collection":[{"href":"https:\/\/mensosarl.com\/new\/wp-json\/wp\/v2\/product"}],"about":[{"href":"https:\/\/mensosarl.com\/new\/wp-json\/wp\/v2\/types\/product"}],"replies":[{"embeddable":true,"href":"https:\/\/mensosarl.com\/new\/wp-json\/wp\/v2\/comments?post=17849"}],"wp:featuredmedia":[{"embeddable":true,"href":"https:\/\/mensosarl.com\/new\/wp-json\/wp\/v2\/media\/17810"}],"wp:attachment":[{"href":"https:\/\/mensosarl.com\/new\/wp-json\/wp\/v2\/media?parent=17849"}],"wp:term":[{"taxonomy":"product_brand","embeddable":true,"href":"https:\/\/mensosarl.com\/new\/wp-json\/wp\/v2\/product_brand?post=17849"},{"taxonomy":"product_cat","embeddable":true,"href":"https:\/\/mensosarl.com\/new\/wp-json\/wp\/v2\/product_cat?post=17849"},{"taxonomy":"product_tag","embeddable":true,"href":"https:\/\/mensosarl.com\/new\/wp-json\/wp\/v2\/product_tag?post=17849"}],"curies":[{"name":"wp","href":"https:\/\/api.w.org\/{rel}","templated":true}]}}